{"id":4624,"date":"2024-11-03T12:16:10","date_gmt":"2024-11-03T11:16:10","guid":{"rendered":"https:\/\/www.froschberg.com\/tischtennis\/?page_id=4624"},"modified":"2025-06-03T16:17:09","modified_gmt":"2025-06-03T14:17:09","slug":"sponsoring","status":"publish","type":"page","link":"https:\/\/www.froschberg.com\/tischtennis\/sponsoring\/","title":{"rendered":"Sponsoring"},"content":{"rendered":"<section style=\"font-family: Arial, sans-serif; line-height: 1.6; max-width: 800px; margin: auto; padding: 20px;\">\n<h2><span style=\"color: #003366;\">Werde Teil unseres Vereins!<\/span><\/h2>\n<p><span style=\"color: #003366;\">Du m\u00f6chtest unseren Verein unterst\u00fctzen? Wir bieten dir verschiedene M\u00f6glichkeiten, um als Sponsor sichtbar zu werden \u2013 sei es regional, online oder direkt am Spielfeldrand:<\/span><\/p>\n<ul>\n<li><span style=\"color: #003366;\">Platzierung deines <strong>Logos auf unseren Trikots<\/strong><\/span><\/li>\n<li><span style=\"color: #003366;\">Werbung auf unseren <strong>Tischtennis-Banden<\/strong><\/span><\/li>\n<li><span style=\"color: #003366;\">Pr\u00e4sentation deiner Marke auf unserer <strong>Website<\/strong><\/span><\/li>\n<li><span style=\"color: #003366;\">M\u00f6glichkeit, als <strong>Hauptsponsor<\/strong> auch <strong>namentlich im Vereinsnamen<\/strong> aufzutreten<\/span><\/li>\n<\/ul>\n<p><span style=\"color: #003366;\">Dar\u00fcber hinaus freuen wir uns \u00fcber <strong>individuelle Ideen<\/strong> f\u00fcr Kooperationen \u2013 wir sind offen f\u00fcr kreative Vorschl\u00e4ge!<\/span><\/p>\n<p><span style=\"color: #003366;\">Auch \u00fcber <strong>freiwillige Spenden<\/strong> freuen wir uns sehr \u2013 jeder Beitrag hilft uns, unsere sportliche Arbeit weiter auszubauen.<\/span><\/p>\n<p><span style=\"color: #003366;\"><strong>\ud83d\udce9 Bei Interesse oder Fragen freuen wir uns \u00fcber eine Kontaktaufnahme <a href=\"https:\/\/www.froschberg.com\/tischtennis\/kontakt\/\">(Kontakt)<\/a>.<\/strong><\/span><\/p>\n<\/section>\n<table style=\"width: 100%; border-collapse: collapse; background-color: #d3d3d3;\">\n<tbody>\n<tr>\n<td style=\"text-align: center; padding: 20px;\" colspan=\"2\">\n<h3><span style=\"color: #003366;\"><strong>Unsere Partner<\/strong><\/span><\/h3>\n<\/td>\n<\/tr>\n<tr>\n<td style=\"text-align: center; padding: 20px;\"><a href=\"http:\/\/www.fortuna-pizzeria.at\/\" target=\"_blank\" rel=\"noopener\"><img decoding=\"async\" class=\"\" style=\"max-width: 100%; height: auto;\" src=\"http:\/\/www.froschberg.com\/tischtennis\/wp-content\/uploads\/2024\/12\/PizzeriaFortuna-Benutzerdefiniert.jpg\" alt=\"Pizzeria Fortuna\" \/><\/a><\/td>\n<td style=\"text-align: center; padding: 20px;\"><a href=\"https:\/\/www.ing-nrieser.at\/\" target=\"_blank\" rel=\"noopener\"><img decoding=\"async\" class=\"\" style=\"max-width: 100%; height: auto;\" src=\"http:\/\/www.froschberg.com\/tischtennis\/wp-content\/uploads\/2024\/12\/Logo-Rieser.jpg\" alt=\"Ing. Norbert Rieser GesmbH &amp; Co KG\" \/><\/a><\/td>\n<\/tr>\n<tr>\n<td style=\"text-align: center; padding: 20px;\"><a href=\"https:\/\/www.instagram.com\/dolceeiscafe\/\" target=\"_blank\" rel=\"noopener\"><img decoding=\"async\" class=\"\" style=\"max-width: 100%; height: auto;\" src=\"http:\/\/www.froschberg.com\/tischtennis\/wp-content\/uploads\/2025\/05\/Design-ohne-Titel-1.png\" alt=\"Pizzeria Fortuna\" \/><\/a><\/td>\n<td><\/td>\n<\/tr>\n<\/tbody>\n<\/table>\n","protected":false},"excerpt":{"rendered":"<p>Werde Teil unseres Vereins! Du m\u00f6chtest unseren Verein unterst\u00fctzen? Wir bieten dir verschiedene M\u00f6glichkeiten, um als Sponsor sichtbar zu werden \u2013 sei es regional, online oder direkt am Spielfeldrand: Platzierung deines Logos auf unseren Trikots Werbung auf unseren Tischtennis-Banden Pr\u00e4sentation deiner Marke auf unserer Website M\u00f6glichkeit, als Hauptsponsor auch namentlich im Vereinsnamen aufzutreten Dar\u00fcber hinaus [&hellip;]<\/p>\n","protected":false},"author":3,"featured_media":0,"parent":0,"menu_order":0,"comment_status":"closed","ping_status":"closed","template":"","meta":{"footnotes":""},"_links":{"self":[{"href":"https:\/\/www.froschberg.com\/tischtennis\/wp-json\/wp\/v2\/pages\/4624"}],"collection":[{"href":"https:\/\/www.froschberg.com\/tischtennis\/wp-json\/wp\/v2\/pages"}],"about":[{"href":"https:\/\/www.froschberg.com\/tischtennis\/wp-json\/wp\/v2\/types\/page"}],"author":[{"embeddable":true,"href":"https:\/\/www.froschberg.com\/tischtennis\/wp-json\/wp\/v2\/users\/3"}],"replies":[{"embeddable":true,"href":"https:\/\/www.froschberg.com\/tischtennis\/wp-json\/wp\/v2\/comments?post=4624"}],"version-history":[{"count":11,"href":"https:\/\/www.froschberg.com\/tischtennis\/wp-json\/wp\/v2\/pages\/4624\/revisions"}],"predecessor-version":[{"id":4962,"href":"https:\/\/www.froschberg.com\/tischtennis\/wp-json\/wp\/v2\/pages\/4624\/revisions\/4962"}],"wp:attachment":[{"href":"https:\/\/www.froschberg.com\/tischtennis\/wp-json\/wp\/v2\/media?parent=4624"}],"curies":[{"name":"wp","href":"https:\/\/api.w.org\/{rel}","templated":true}]}}