{"id":4608,"date":"2024-11-03T10:30:48","date_gmt":"2024-11-03T09:30:48","guid":{"rendered":"https:\/\/www.froschberg.com\/tischtennis\/?page_id=4608"},"modified":"2024-11-09T17:20:18","modified_gmt":"2024-11-09T16:20:18","slug":"impressum","status":"publish","type":"page","link":"https:\/\/www.froschberg.com\/tischtennis\/impressum\/","title":{"rendered":"Impressum"},"content":{"rendered":"<p><span style=\"color: #003366;\"><strong>Verantwortlich f\u00fcr den Inhalt dieser Website<\/strong><\/span><br \/>\n<span style=\"color: #003366;\">DSG UKJ Froschberg\u00a0 &#8211; Tischtennis<\/span><\/p>\n<p><span style=\"color: #003366;\">Vertreten durch:<\/span><br \/>\n<span style=\"color: #003366;\">Sektionsleiter: Andreas Stangl<\/span><br \/>\n<span style=\"color: #003366;\">E-Mail: tischtennis.froschberg@gmail.com<\/span><\/p>\n<p><span style=\"color: #003366;\"><strong>Rechtlich verantwortlich<\/strong><\/span><br \/>\n<span style=\"color: #003366;\">DSG UKJ Froschberg (Hauptverein)<\/span><\/p>\n<p><span style=\"color: #003366;\">Vertreten durch:<\/span><br \/>\n<span style=\"color: #003366;\">Obmann: Karl Gruber<\/span><br \/>\n<span style=\"color: #003366;\">Marschnergasse 25, 4020 Linz<\/span><br \/>\n<span style=\"color: #003366;\">E-Mail: <a style=\"color: #003366;\" rel=\"noopener\">office@froschberg.com<\/a><\/span><\/p>\n<p><span style=\"color: #003366;\">ZVR-Zahl: 548496725<\/span><br \/>\n<span style=\"color: #003366;\">Registriert bei: BPD Linz<\/span><br \/>\n<span style=\"color: #003366;\">Aufsichtsbeh\u00f6rde nach ECG: BPD Wien B\u00fcro f\u00fcr Vereins-, Versammlungs- und Medienrechtsangelegenheiten<\/span><br \/>\n<span style=\"color: #003366;\">Rechtsvorschriften: Vereinsgesetz<\/span><br \/>\n<span style=\"color: #003366;\">Vereinszweck: Der Vereinszweck ist die k\u00f6rperliche und geistige Ert\u00fcchtigung seiner Mitglieder durch Pflege aller Art von Bewegung, Sport und Kultur.<\/span><br \/>\n<span style=\"color: #003366;\">Grundlegende Richtung: Die DSG UKJ Froschberg ist ein gemeinn\u00fctziger, \u00fcberparteilicher und \u00fcberkonfessioneller Verein.<\/span><\/p>\n<h6 id=\"haftung\"><span style=\"color: #003366;\"><strong>Haftungsausschluss<\/strong><\/span><\/h6>\n<p><span style=\"color: #003366;\">Der Verein hat alle zumutbaren Anstrengungen unternommen, um sicherzustellen, dass die auf dieser Website bereitgestellten Informationen zur Zeit der Bereitstellung richtig und vollst\u00e4ndig sind. Dennoch kann es zu unbeabsichtigten und zuf\u00e4lligen Fehlern gekommen sein, f\u00fcr die wir uns entschuldigen.<\/span><\/p>\n<p><span style=\"color: #003366;\">Der Verein macht keine Zusicherung und \u00fcbernimmt keine Gew\u00e4hrleistung f\u00fcr die auf dieser Website zur Verf\u00fcgung gestellten Informationen, wie z. B. Hyperlinks oder andere Inhalte, die entweder direkt oder indirekt verwendet werden. Auch beh\u00e4lt sich der Verein das Recht vor, \u00c4nderungen oder Erg\u00e4nzungen der bereitgestellten Informationen ohne vorherige Ank\u00fcndigung vorzunehmen. Der Verein lehnt jegliche Haftung f\u00fcr unrichtige oder fehlende Informationen auf der Website ab, und daher liegen alle Entscheidungen, die auf den auf der Website bereitgestellten Informationen beruhen, einzig und allein im Verantwortungsbereich des Benutzers. Der Verein lehnt jegliche Haftung f\u00fcr unmittelbare, konkrete Sch\u00e4den oder Folgesch\u00e4den, oder sonstige Sch\u00e4den jeglicher Art, die aus welchem Grund auch immer im Zusammenhang mit dem indirekten oder direkten Gebrauch der auf der Website bereitgestellten Informationen entstanden sind, ab.<\/span><\/p>\n<p><span style=\"color: #003366;\">Sofern nicht anders angegeben, liegt das Urheberrecht aller auf der Website bereitgestellten Dokumente und der daf\u00fcr verwendeten Materialien ausschlie\u00dflich beim Verein. Bez\u00fcglich aller Rechte (z. B. Eigentum, gewerbliche Schutzrechte, Urheberrecht) wird niemandem eine Lizenz oder ein sonstiges Recht einger\u00e4umt. Die Vervielf\u00e4ltigung der Dokumente ist nur f\u00fcr den pers\u00f6nlichen und informativen Gebrauch gestattet und jede sonstige Vervielf\u00e4ltigung oder jeder sonstige Gebrauch ist ausdr\u00fccklich untersagt. Die Verwendung von Kennzeichen (z. B. Marken, Logos), unabh\u00e4ngig vom Vorhandensein eines Symbols \u00ae oder TM, ist ausdr\u00fccklich untersagt.<\/span><\/p>\n<p><span style=\"color: #003366;\">Alle vorstehenden Regelungen gelten auch f\u00fcr Software, die direkt oder indirekt von der Website abgerufen oder verwendet werden k\u00f6nnen. Soweit \u00fcber Hyperlinks auf Software Dritter zugegriffen wird, gelten die Regelungen dieses Anbieters und sind dessen Rechte zu beachten.<\/span><\/p>\n<p><span style=\"color: #003366;\">Jeder Benutzer der Website, der dem Verein Informationen zur Verf\u00fcgung stellt, willigt ein, dass der Verein uneingeschr\u00e4nkte Rechte an diesen Informationen erh\u00e4lt und dass der Verein sie in jeder von ihr gew\u00fcnschten Art nutzen kann. Die vom Benutzer zur Verf\u00fcgung gestellte Information unterliegt nicht der Geheimhaltung. Personenbezogene Daten des Benutzers unterliegen dem Datenschutzgesetz 2000 und werden vom Verein nur in jenem Umfang verwendet, wie sie zur pers\u00f6nlichen Betreuung erforderlich sind.<\/span><\/p>\n","protected":false},"excerpt":{"rendered":"<p>Verantwortlich f\u00fcr den Inhalt dieser Website DSG UKJ Froschberg\u00a0 &#8211; Tischtennis Vertreten durch: Sektionsleiter: Andreas Stangl E-Mail: tischtennis.froschberg@gmail.com Rechtlich verantwortlich DSG UKJ Froschberg (Hauptverein) Vertreten durch: Obmann: Karl Gruber Marschnergasse 25, 4020 Linz E-Mail: office@froschberg.com ZVR-Zahl: 548496725 Registriert bei: BPD Linz Aufsichtsbeh\u00f6rde nach ECG: BPD Wien B\u00fcro f\u00fcr Vereins-, Versammlungs- und Medienrechtsangelegenheiten Rechtsvorschriften: Vereinsgesetz Vereinszweck: [&hellip;]<\/p>\n","protected":false},"author":3,"featured_media":0,"parent":0,"menu_order":0,"comment_status":"closed","ping_status":"closed","template":"","meta":{"footnotes":""},"_links":{"self":[{"href":"https:\/\/www.froschberg.com\/tischtennis\/wp-json\/wp\/v2\/pages\/4608"}],"collection":[{"href":"https:\/\/www.froschberg.com\/tischtennis\/wp-json\/wp\/v2\/pages"}],"about":[{"href":"https:\/\/www.froschberg.com\/tischtennis\/wp-json\/wp\/v2\/types\/page"}],"author":[{"embeddable":true,"href":"https:\/\/www.froschberg.com\/tischtennis\/wp-json\/wp\/v2\/users\/3"}],"replies":[{"embeddable":true,"href":"https:\/\/www.froschberg.com\/tischtennis\/wp-json\/wp\/v2\/comments?post=4608"}],"version-history":[{"count":5,"href":"https:\/\/www.froschberg.com\/tischtennis\/wp-json\/wp\/v2\/pages\/4608\/revisions"}],"predecessor-version":[{"id":4651,"href":"https:\/\/www.froschberg.com\/tischtennis\/wp-json\/wp\/v2\/pages\/4608\/revisions\/4651"}],"wp:attachment":[{"href":"https:\/\/www.froschberg.com\/tischtennis\/wp-json\/wp\/v2\/media?parent=4608"}],"curies":[{"name":"wp","href":"https:\/\/api.w.org\/{rel}","templated":true}]}}