{"id":4536,"date":"2024-10-27T12:26:36","date_gmt":"2024-10-27T11:26:36","guid":{"rendered":"https:\/\/www.froschberg.com\/tischtennis\/?page_id=4536"},"modified":"2024-11-24T15:29:30","modified_gmt":"2024-11-24T14:29:30","slug":"kontakt","status":"publish","type":"page","link":"https:\/\/www.froschberg.com\/tischtennis\/kontakt\/","title":{"rendered":"Kontakt"},"content":{"rendered":"<h2><span style=\"color: #003366;\"><strong>Kontaktiere uns!<\/strong><\/span><\/h2>\n<p><span style=\"color: #003366;\">Ob Fragen zur Mitgliedschaft, Trainingszeiten oder anderen Anliegen \u2013 wir freuen uns, von dir zu h\u00f6ren!<\/span><\/p>\n<p><span style=\"color: #003366;\">Nutze einfach das Kontaktformular oder ruf uns direkt an. Wir melden uns so schnell wie m\u00f6glich zur\u00fcck.<\/span><\/p>\n<h4><span style=\"color: #003366;\">Sektionsleitung<\/span><\/h4>\n<p><span style=\"color: #003366;\"><img decoding=\"async\" style=\"width: 70px; height: auto;\" src=\"http:\/\/www.froschberg.com\/tischtennis\/wp-content\/uploads\/2018\/05\/Andreas-Stangl-Sektionsleiter.jpg\" alt=\"Sektionsleitung\" \/><\/span><\/p>\n<p><span style=\"color: #003366;\"><span style=\"font-size: 15px;\">\ud83d\udc64<\/span>\u00a0Andreas Stangl<\/span><br \/>\n<span style=\"font-size: 15px;\">\ud83d\udcde<\/span>\u00a0<a href=\"tel:+436648147227\">+43 664 8147227<\/a><br \/>\n<span style=\"font-size: 15px;\">\u2709\ufe0f<\/span>\u00a0<a href=\"mailto:froschberg.tischtennis@gmail.com\">froschberg.tischtennis@gmail.com<\/a><\/p>\n<h4><span style=\"color: #003366;\"><br \/>\nSchreib uns eine Nachricht<\/span><\/h4>\n<p><span style=\"color: #003366;\"><style id=\"wpforms-css-vars-4686\">\n\t\t\t\t#wpforms-4686 {\n\t\t\t\t\n\t\t\t}\n\t\t\t<\/style><div class=\"wpforms-container wpforms-container-full wpforms-render-modern\" id=\"wpforms-4686\"><form id=\"wpforms-form-4686\" class=\"wpforms-validate wpforms-form wpforms-ajax-form\" data-formid=\"4686\" method=\"post\" enctype=\"multipart\/form-data\" action=\"\/tischtennis\/wp-json\/wp\/v2\/pages\/4536\" data-token=\"c930716129d3702d655ade1d4be24ef9\" data-token-time=\"1777806244\"><noscript class=\"wpforms-error-noscript\">Bitte aktiviere JavaScript in deinem Browser, um dieses Formular fertigzustellen.<\/noscript><div id=\"wpforms-error-noscript\" style=\"display: none;\">Bitte aktiviere JavaScript in deinem Browser, um dieses Formular fertigzustellen.<\/div><div class=\"wpforms-field-container\"><div id=\"wpforms-4686-field_1-container\" class=\"wpforms-field wpforms-field-name\" data-field-id=\"1\"><fieldset><legend class=\"wpforms-field-label\">Name <span class=\"wpforms-required-label\" aria-hidden=\"true\">*<\/span><\/legend><div class=\"wpforms-field-row wpforms-field-medium\"><div class=\"wpforms-field-row-block wpforms-first wpforms-one-half\"><input type=\"text\" id=\"wpforms-4686-field_1\" class=\"wpforms-field-name-first wpforms-field-required\" name=\"wpforms[fields][1][first]\" aria-errormessage=\"wpforms-4686-field_1-error\" required><label for=\"wpforms-4686-field_1\" class=\"wpforms-field-sublabel after\">Vorname<\/label><\/div><div class=\"wpforms-field-row-block wpforms-one-half\"><input type=\"text\" id=\"wpforms-4686-field_1-last\" class=\"wpforms-field-name-last wpforms-field-required\" name=\"wpforms[fields][1][last]\" aria-errormessage=\"wpforms-4686-field_1-last-error\" required><label for=\"wpforms-4686-field_1-last\" class=\"wpforms-field-sublabel after\">Nachname<\/label><\/div><\/div><\/fieldset><\/div><div id=\"wpforms-4686-field_2-container\" class=\"wpforms-field wpforms-field-email\" data-field-id=\"2\"><label class=\"wpforms-field-label\" for=\"wpforms-4686-field_2\">E-Mail-Adresse <span class=\"wpforms-required-label\" aria-hidden=\"true\">*<\/span><\/label><input type=\"email\" id=\"wpforms-4686-field_2\" class=\"wpforms-field-medium wpforms-field-required\" name=\"wpforms[fields][2]\" spellcheck=\"false\" aria-errormessage=\"wpforms-4686-field_2-error\" required><\/div><div id=\"wpforms-4686-field_3-container\" class=\"wpforms-field wpforms-field-text\" data-field-id=\"3\"><label class=\"wpforms-field-label\" for=\"wpforms-4686-field_3\">Telefonnummer:<\/label><input type=\"text\" id=\"wpforms-4686-field_3\" class=\"wpforms-field-medium\" name=\"wpforms[fields][3]\" aria-errormessage=\"wpforms-4686-field_3-error\" ><\/div>\t\t<div id=\"wpforms-4686-field_4-container\"\n\t\t\tclass=\"wpforms-field wpforms-field-text\"\n\t\t\tdata-field-type=\"text\"\n\t\t\tdata-field-id=\"4\"\n\t\t\t>\n\t\t\t<label class=\"wpforms-field-label\" for=\"wpforms-4686-field_4\" >Telefonnummer: Name Nachricht<\/label>\n\t\t\t<input type=\"text\" id=\"wpforms-4686-field_4\" class=\"wpforms-field-medium\" name=\"wpforms[fields][4]\" >\n\t\t<\/div>\n\t\t<div id=\"wpforms-4686-field_5-container\" class=\"wpforms-field wpforms-field-textarea\" data-field-id=\"5\"><label class=\"wpforms-field-label\" for=\"wpforms-4686-field_5\">Nachricht <span class=\"wpforms-required-label\" aria-hidden=\"true\">*<\/span><\/label><textarea id=\"wpforms-4686-field_5\" class=\"wpforms-field-medium wpforms-field-required\" name=\"wpforms[fields][5]\" aria-errormessage=\"wpforms-4686-field_5-error\" required><\/textarea><\/div><script>\n\t\t\t\t( function() {\n\t\t\t\t\tconst style = document.createElement( 'style' );\n\t\t\t\t\tstyle.appendChild( document.createTextNode( '#wpforms-4686-field_4-container { position: absolute !important; overflow: hidden !important; display: inline !important; height: 1px !important; width: 1px !important; z-index: -1000 !important; padding: 0 !important; } #wpforms-4686-field_4-container input { visibility: hidden; } #wpforms-conversational-form-page #wpforms-4686-field_4-container label { counter-increment: none; }' ) );\n\t\t\t\t\tdocument.head.appendChild( style );\n\t\t\t\t\tdocument.currentScript?.remove();\n\t\t\t\t} )();\n\t\t\t<\/script><\/div><!-- .wpforms-field-container --><div class=\"wpforms-submit-container\" ><input type=\"hidden\" name=\"wpforms[id]\" value=\"4686\"><input type=\"hidden\" name=\"page_title\" value=\"\"><input type=\"hidden\" name=\"page_url\" value=\"https:\/\/www.froschberg.com\/tischtennis\/wp-json\/wp\/v2\/pages\/4536\"><input type=\"hidden\" name=\"url_referer\" value=\"\"><button type=\"submit\" name=\"wpforms[submit]\" id=\"wpforms-submit-4686\" class=\"wpforms-submit\" data-alt-text=\"Wird gesendet\u00a0\u2026\" data-submit-text=\"Absenden\" aria-live=\"assertive\" value=\"wpforms-submit\">Absenden<\/button><img loading=\"lazy\" decoding=\"async\" src=\"https:\/\/www.froschberg.com\/tischtennis\/wp-content\/plugins\/wpforms-lite\/assets\/images\/submit-spin.svg\" class=\"wpforms-submit-spinner\" style=\"display: none;\" width=\"26\" height=\"26\" alt=\"Wird geladen\"><\/div><\/form><\/div>  <!-- .wpforms-container --><\/span><\/p>\n","protected":false},"excerpt":{"rendered":"<p>Kontaktiere uns! Ob Fragen zur Mitgliedschaft, Trainingszeiten oder anderen Anliegen \u2013 wir freuen uns, von dir zu h\u00f6ren! Nutze einfach das Kontaktformular oder ruf uns direkt an. Wir melden uns so schnell wie m\u00f6glich zur\u00fcck. Sektionsleitung \ud83d\udc64\u00a0Andreas Stangl \ud83d\udcde\u00a0+43 664 8147227 \u2709\ufe0f\u00a0froschberg.tischtennis@gmail.com Schreib uns eine Nachricht<\/p>\n","protected":false},"author":3,"featured_media":0,"parent":0,"menu_order":0,"comment_status":"closed","ping_status":"closed","template":"","meta":{"footnotes":""},"_links":{"self":[{"href":"https:\/\/www.froschberg.com\/tischtennis\/wp-json\/wp\/v2\/pages\/4536"}],"collection":[{"href":"https:\/\/www.froschberg.com\/tischtennis\/wp-json\/wp\/v2\/pages"}],"about":[{"href":"https:\/\/www.froschberg.com\/tischtennis\/wp-json\/wp\/v2\/types\/page"}],"author":[{"embeddable":true,"href":"https:\/\/www.froschberg.com\/tischtennis\/wp-json\/wp\/v2\/users\/3"}],"replies":[{"embeddable":true,"href":"https:\/\/www.froschberg.com\/tischtennis\/wp-json\/wp\/v2\/comments?post=4536"}],"version-history":[{"count":12,"href":"https:\/\/www.froschberg.com\/tischtennis\/wp-json\/wp\/v2\/pages\/4536\/revisions"}],"predecessor-version":[{"id":4698,"href":"https:\/\/www.froschberg.com\/tischtennis\/wp-json\/wp\/v2\/pages\/4536\/revisions\/4698"}],"wp:attachment":[{"href":"https:\/\/www.froschberg.com\/tischtennis\/wp-json\/wp\/v2\/media?parent=4536"}],"curies":[{"name":"wp","href":"https:\/\/api.w.org\/{rel}","templated":true}]}}