{"id":4349,"date":"2024-09-30T14:33:55","date_gmt":"2024-09-30T12:33:55","guid":{"rendered":"https:\/\/www.froschberg.com\/tischtennis\/?page_id=4349"},"modified":"2024-11-17T16:50:20","modified_gmt":"2024-11-17T15:50:20","slug":"anfahrt","status":"publish","type":"page","link":"https:\/\/www.froschberg.com\/tischtennis\/anfahrt\/","title":{"rendered":"Anfahrt"},"content":{"rendered":"<h4><span style=\"color: #003366;\"><strong>Unsere Heimspielst\u00e4tte<\/strong><\/span><\/h4>\n<p><span style=\"color: #003366;\">DSG UKJ Froschberg &#8211; Sektion Tischtennis<\/span><br \/>\n<span style=\"color: #003366;\">Edmund-Aigner-Volkschule (VS 48)<\/span><br \/>\n<span style=\"color: #003366;\">H\u00e4ndelstra\u00dfe 42,<\/span><br \/>\n<span style=\"color: #003366;\">4020 Linz<\/span><\/p>\n<p><iframe loading=\"lazy\" src=\"https:\/\/www.google.com\/maps\/d\/u\/1\/embed?mid=18f5oq55OTBtyFeW9DG_AzSk0P6Cj9Mw&#038;ehbc=2E312F\" width=\"1000\" height=\"1000\"><\/iframe><\/p>\n","protected":false},"excerpt":{"rendered":"<p>Unsere Heimspielst\u00e4tte DSG UKJ Froschberg &#8211; Sektion Tischtennis Edmund-Aigner-Volkschule (VS 48) H\u00e4ndelstra\u00dfe 42, 4020 Linz<\/p>\n","protected":false},"author":1,"featured_media":0,"parent":0,"menu_order":0,"comment_status":"closed","ping_status":"closed","template":"template-fullwidth.php","meta":{"footnotes":""},"_links":{"self":[{"href":"https:\/\/www.froschberg.com\/tischtennis\/wp-json\/wp\/v2\/pages\/4349"}],"collection":[{"href":"https:\/\/www.froschberg.com\/tischtennis\/wp-json\/wp\/v2\/pages"}],"about":[{"href":"https:\/\/www.froschberg.com\/tischtennis\/wp-json\/wp\/v2\/types\/page"}],"author":[{"embeddable":true,"href":"https:\/\/www.froschberg.com\/tischtennis\/wp-json\/wp\/v2\/users\/1"}],"replies":[{"embeddable":true,"href":"https:\/\/www.froschberg.com\/tischtennis\/wp-json\/wp\/v2\/comments?post=4349"}],"version-history":[{"count":11,"href":"https:\/\/www.froschberg.com\/tischtennis\/wp-json\/wp\/v2\/pages\/4349\/revisions"}],"predecessor-version":[{"id":4654,"href":"https:\/\/www.froschberg.com\/tischtennis\/wp-json\/wp\/v2\/pages\/4349\/revisions\/4654"}],"wp:attachment":[{"href":"https:\/\/www.froschberg.com\/tischtennis\/wp-json\/wp\/v2\/media?parent=4349"}],"curies":[{"name":"wp","href":"https:\/\/api.w.org\/{rel}","templated":true}]}}